{"id":5581,"date":"2018-09-24T17:23:11","date_gmt":"2018-09-24T15:23:11","guid":{"rendered":"https:\/\/walor.com\/politique-de-confidentialite\/"},"modified":"2024-11-17T20:29:08","modified_gmt":"2024-11-17T19:29:08","slug":"datenschutzerklarung","status":"publish","type":"page","link":"https:\/\/walor.com\/de\/datenschutzerklarung\/","title":{"rendered":"Datenschutzerkl\u00e4rung"},"content":{"rendered":"<p><strong>1. Verantwortlicher<\/strong><\/p>\n<p>Verantwortlicher f\u00fcr die Datenverarbeitung auf dieser Website ist:<\/p>\n<ul>\n<li>Phillipp Gumpert GATACA Datenschutz GmbH<\/li>\n<li>Am Riettor 4, 78048 Villingen-Schwenningen<\/li>\n<\/ul>\n<p><strong>2. Erfassung allgemeiner Informationen<\/strong><\/p>\n<p>Bei jedem Zugriff auf unsere Website werden automatisch Informationen allgemeiner Natur erfasst. Diese Informationen beinhalten z. B. die Art des Webbrowsers, das verwendete Betriebssystem, den Domainnamen Ihres Internet Service Providers und \u00c4hnliches. Hierbei handelt es sich ausschlie\u00dflich um Informationen, die keine R\u00fcckschl\u00fcsse auf Ihre Person zulassen.<\/p>\n<p>Die Informationen werden insbesondere zu folgenden Zwecken verarbeitet:<\/p>\n<ul>\n<li>Sicherstellung eines problemlosen Verbindungsaufbaus der Website<\/li>\n<li>Sicherstellung einer reibungslosen Nutzung unserer Website<\/li>\n<li>Auswertung der Systemsicherheit und -stabilit\u00e4t sowie<\/li>\n<li>zu weiteren administrativen Zwecken<\/li>\n<\/ul>\n<p>Die Verarbeitung Ihrer personenbezogenen Daten basiert auf unserem berechtigten Interesse an den oben genannten Zwecken.<\/p>\n<p><strong>3. Erhebung und Verarbeitung personenbezogener Daten<\/strong><\/p>\n<p>Ihre personenbezogenen Daten werden nur dann erhoben, wenn Sie uns diese freiwillig mitteilen, z. B. wenn Sie uns per E-Mail kontaktieren oder ein Formular ausf\u00fcllen.<\/p>\n<p><strong>4. Rechtsgrundlagen der Datenverarbeitung<\/strong><\/p>\n<p>Die Verarbeitung Ihrer Daten erfolgt gem\u00e4\u00df Art. 6 Abs. 1 DSGVO, n\u00e4mlich:<\/p>\n<ul>\n<li>zur Erf\u00fcllung eines Vertrags oder zur Durchf\u00fchrung vorvertraglicher Ma\u00dfnahmen (lit. b DSGVO),<\/li>\n<li>aufgrund gesetzlicher Verpflichtungen (lit. c DSGVO),<\/li>\n<li>aufgrund Ihrer Einwilligung (lit. a DSGVO) oder<\/li>\n<li>zur Wahrung unserer berechtigten Interessen (lit. f DSGVO).<\/li>\n<\/ul>\n<p><strong>5. Weitergabe von Daten an Dritte<\/strong><\/p>\n<p>Eine Weitergabe Ihrer Daten an Dritte erfolgt nur, wenn dies zur Vertragserf\u00fcllung erforderlich ist oder wir dazu gesetzlich verpflichtet sind.<\/p>\n<p><strong>6. Cookies<\/strong><\/p>\n<p>Unsere Website verwendet keine Cookies.<\/p>\n<p><strong>7. Ihre Rechte<\/strong><\/p>\n<p>Sie haben das Recht auf:<\/p>\n<ul>\n<li>Auskunft (Art. 15 DSGVO),<\/li>\n<li>Berichtigung (Art. 16 DSGVO),<\/li>\n<li>L\u00f6schung (Art. 17 DSGVO),<\/li>\n<li>Einschr\u00e4nkung der Verarbeitung (Art. 18 DSGVO),<\/li>\n<li>Daten\u00fcbertragbarkeit (Art. 20 DSGVO),<\/li>\n<li>Widerspruch gegen die Verarbeitung (Art. 21 DSGVO).<\/li>\n<\/ul>\n<p>Zur Geltendmachung Ihrer Rechte k\u00f6nnen Sie sich an den Verantwortlichen wenden.<\/p>\n<p><strong>8. Beschwerderecht bei einer Aufsichtsbeh\u00f6rde<\/strong><\/p>\n<p>Sie haben das Recht, sich bei einer Aufsichtsbeh\u00f6rde zu beschweren, insbesondere in dem Mitgliedstaat Ihres Aufenthaltsorts, Ihres Arbeitsplatzes oder des Orts des mutma\u00dflichen Versto\u00dfes.<\/p>\n<p><strong>9. \u00c4nderungen unserer Datenschutzerkl\u00e4rung<\/strong><\/p>\n<p>Wir behalten uns das Recht vor, diese Datenschutzerkl\u00e4rung anzupassen, um stets den aktuellen rechtlichen Anforderungen zu entsprechen oder \u00c4nderungen unserer Leistungen in der Datenschutzerkl\u00e4rung umzusetzen.<\/p>\n<div id=\"gtx-trans\" style=\"position: absolute; left: 117px; top: 0px;\">\n<div class=\"gtx-trans-icon\"><\/div>\n<\/div>\n","protected":false},"excerpt":{"rendered":"<p>1. Verantwortlicher Verantwortlicher f\u00fcr die Datenverarbeitung auf dieser Website ist: Phillipp Gumpert GATACA Datenschutz GmbH Am Riettor 4, 78048 Villingen-Schwenningen 2. Erfassung allgemeiner Informationen Bei jedem Zugriff auf unsere Website werden automatisch Informationen allgemeiner Natur erfasst. Diese Informationen beinhalten z. B. die Art des Webbrowsers, das verwendete Betriebssystem, den Domainnamen Ihres Internet Service Providers und [&hellip;]<\/p>\n","protected":false},"author":1,"featured_media":2282,"parent":0,"menu_order":0,"comment_status":"closed","ping_status":"closed","template":"","meta":{"inline_featured_image":false,"footnotes":""},"class_list":["post-5581","page","type-page","status-publish","has-post-thumbnail","hentry"],"_links":{"self":[{"href":"https:\/\/walor.com\/de\/wp-json\/wp\/v2\/pages\/5581","targetHints":{"allow":["GET"]}}],"collection":[{"href":"https:\/\/walor.com\/de\/wp-json\/wp\/v2\/pages"}],"about":[{"href":"https:\/\/walor.com\/de\/wp-json\/wp\/v2\/types\/page"}],"author":[{"embeddable":true,"href":"https:\/\/walor.com\/de\/wp-json\/wp\/v2\/users\/1"}],"replies":[{"embeddable":true,"href":"https:\/\/walor.com\/de\/wp-json\/wp\/v2\/comments?post=5581"}],"version-history":[{"count":3,"href":"https:\/\/walor.com\/de\/wp-json\/wp\/v2\/pages\/5581\/revisions"}],"predecessor-version":[{"id":5584,"href":"https:\/\/walor.com\/de\/wp-json\/wp\/v2\/pages\/5581\/revisions\/5584"}],"wp:featuredmedia":[{"embeddable":true,"href":"https:\/\/walor.com\/de\/wp-json\/wp\/v2\/media\/2282"}],"wp:attachment":[{"href":"https:\/\/walor.com\/de\/wp-json\/wp\/v2\/media?parent=5581"}],"curies":[{"name":"wp","href":"https:\/\/api.w.org\/{rel}","templated":true}]}}