{"id":5690,"date":"2018-10-18T18:21:59","date_gmt":"2018-10-18T16:21:59","guid":{"rendered":"https:\/\/walor.com\/mentions-legales\/"},"modified":"2025-02-28T08:23:45","modified_gmt":"2025-02-28T07:23:45","slug":"rechtliche-hinweise","status":"publish","type":"page","link":"https:\/\/walor.com\/de\/rechtliche-hinweise\/","title":{"rendered":"Rechtliche Hinweise"},"content":{"rendered":"<div class=\"page_top-content\">\n<div class=\"page_chapo appear--text\">Diese Allgemeinen Nutzungsbedingungen regeln ausschlie\u00dflich die vertraglichen Beziehungen zwischen der Website www.walor.com, die von der Walor International Gruppe betrieben und verwaltet wird, mit Sitz in: Adresse der Niederlassung und rechtliche Informationen (nachfolgend \u201eDer Herausgeber\u201c) und jedem Besucher der Website (nachfolgend \u201eSie\u201c). Der Herausgeber kann diese jederzeit ohne vorherige Ank\u00fcndigung oder Entsch\u00e4digungsanspruch \u00e4ndern. Die g\u00fcltigen Allgemeinen Nutzungsbedingungen sind diejenigen, die auf der Website ver\u00f6ffentlicht sind.<\/div>\n<\/div>\n<h3>Herausgeber der Website:<\/h3>\n<p><a href=\"https:\/\/www.inuage.com\">iNuage<\/a><br \/>\nAdresse des Firmensitzes: 25 rue de Rome, 53940 St Berthevin (Frankreich)<br \/>\nTelefon: + 33 (0)6 51 75 22 22<\/p>\n<h3>Hosting:<\/h3>\n<p>OVH<br \/>\nSAS mit einem Kapital von 10.069.020 \u20ac<br \/>\nFirmensitz: 2 rue Kellerman \u2013 59100 Roubaix \u2013 Frankreich<\/p>\n<h3>Angebot \/ Inhalt \/ Zweck:<\/h3>\n<p>Diese Website dient der Information \u00fcber die Walor-Gruppe. Sie k\u00f6nnen hier Informationen \u00fcber ihre T\u00e4tigkeiten, Standorte, M\u00e4rkte usw. finden. Zudem haben Sie Zugang zur Bewerbungsplattform der Gruppe im Rahmen Ihrer Jobsuche. Diese Website ist nicht f\u00fcr den Handel bestimmt, und es sind weder Transaktionen noch Bestellungen m\u00f6glich.<\/p>\n<h3>\u201eMein Bereich\u201c oder \u00e4hnliches:<\/h3>\n<p>Als registrierter Benutzer haben Sie Zugang zu einem pers\u00f6nlichen Bereich (\u201eX\u201c), der mit Ihrer bei der Registrierung angegebenen E-Mail-Adresse und Ihrem Passwort zug\u00e4nglich ist.<br \/>\nIn diesem Bereich k\u00f6nnen Sie Ihre pers\u00f6nlichen Daten \u00e4ndern, den Status Ihrer Bewerbungen einsehen und Ihre Ressourcen verwalten. Sie m\u00fcssen den Herausgeber umgehend \u00fcber jede unbefugte oder betr\u00fcgerische Nutzung Ihres Bereichs oder Ihrer Anmeldedaten (E-Mail und Passwort) informieren. Ihre Zugangsdaten sind pers\u00f6nlich und d\u00fcrfen nicht weitergegeben werden. Sie sind allein f\u00fcr deren Nutzung verantwortlich. Jeglicher Versuch, sich als ein anderer Nutzer auszugeben, ist strengstens untersagt.<\/p>\n<h3>Verantwortlicher Redakteur:<\/h3>\n<p>Verantwortlicher f\u00fcr die Ver\u00f6ffentlichung: Walor International<br \/>\nAdresse der Niederlassung: 92 Rue Saint Melaine 53000 LAVAL<br \/>\nTel.: 02 43 59 95 00<br \/>\nSiret-Nr.: 803 724 830 00036<br \/>\nHandelsregister-Nr.: 803 724 830<br \/>\nUSt-IdNr.: FR09803724830<\/p>\n<h3>Haftungsbeschr\u00e4nkung:<\/h3>\n<p>Die auf dieser Website bereitgestellten Informationen sind so genau wie m\u00f6glich und werden regelm\u00e4\u00dfig aktualisiert, k\u00f6nnen jedoch Ungenauigkeiten, Auslassungen oder Fehler enthalten. Falls Sie eine Unstimmigkeit feststellen, teilen Sie uns dies bitte per E-Mail mit, indem Sie das Problem so genau wie m\u00f6glich beschreiben (betroffene Seite, ausgel\u00f6ste Aktion, Art des verwendeten Computers und Browsers etc.).<br \/>\nDas Herunterladen von Inhalten erfolgt auf eigene Gefahr des Nutzers. Walor haftet nicht f\u00fcr Sch\u00e4den am Computer des Nutzers oder f\u00fcr Datenverluste infolge des Downloads. Die Bilder auf der Website sind nicht verbindlich. Hyperlinks zu anderen Websites unterliegen nicht der Verantwortung von Walor.<\/p>\n<h3>Rechtsstreitigkeiten:<\/h3>\n<p>Diese Bedingungen unterliegen franz\u00f6sischem Recht, und alle Streitigkeiten, die sich aus der Auslegung oder Ausf\u00fchrung dieser Bedingungen ergeben, unterliegen ausschlie\u00dflich der Zust\u00e4ndigkeit der Gerichte des Firmensitzes von Walor. Die ma\u00dfgebliche Sprache f\u00fcr eventuelle Streitigkeiten ist Franz\u00f6sisch.<\/p>\n<h3>Erkl\u00e4rung bei der CNIL:<\/h3>\n<p>Gem\u00e4\u00df dem franz\u00f6sischen Datenschutzgesetz Nr. 78-17 vom 6. Januar 1978 (ge\u00e4ndert durch das Gesetz 2004-801 vom 6. August 2004) \u00fcber Informatik, Dateien und Freiheiten wurde diese Website bei der Commission Nationale de l\u2019Informatique et des Libert\u00e9s (<a href=\"https:\/\/www.cnil.fr\" target=\"_blank\" rel=\"noopener noreferrer\">www.cnil.fr<\/a>) registriert.<\/p>\n<h3>Zugriffsrechte:<\/h3>\n<p>Die auf www.walor.com gesammelten personenbezogenen Daten dienen ausschlie\u00dflich internen Zwecken und der Bearbeitung von Bewerbungen. Sie werden nicht an Dritte verkauft oder weitergegeben. Gem\u00e4\u00df dem franz\u00f6sischen Datenschutzgesetz k\u00f6nnen Nutzer ihre pers\u00f6nlichen Daten jederzeit einsehen, \u00e4ndern oder l\u00f6schen lassen. Dies kann \u00fcber \u201eMein Bereich\u201c oder per E-Mail an xxx@walor.com erfolgen.<\/p>\n<h3>Datenschutz:<\/h3>\n<p>Ihre pers\u00f6nlichen Daten sind vertraulich und werden nur f\u00fcr die Erbringung der Dienstleistung verwendet.<\/p>\n<h3>Geistiges Eigentum:<\/h3>\n<p>Der Inhalt der Website www.walor.com ist durch franz\u00f6sische Urheberrechtsgesetze gesch\u00fctzt. Sofern keine Lizenz andere Nutzungsbedingungen festlegt, bleiben heruntergeladene Inhalte Eigentum von Walor International. Sie d\u00fcrfen nicht verkauft, vermietet oder \u00fcber den privaten Rahmen hinaus verbreitet werden. Jede Vervielf\u00e4ltigung oder Darstellung der Inhalte, die nicht durch Artikel L-122-5 des franz\u00f6sischen Gesetzes zum geistigen Eigentum gedeckt ist, ist strengstens untersagt.<\/p>\n<h3>Nutzungsbedingungen:<\/h3>\n<p>Diese Website nutzt HTML5 und CSS3. F\u00fcr eine optimale Nutzung empfehlen wir moderne und aktuelle Browser.<\/p>\n<h3>Cookies:<\/h3>\n<p>Diese Website verwendet Cookies zur statistischen Analyse und Darstellung. Cookies sind kleine Textdateien, die auf Ihrem Ger\u00e4t gespeichert werden, um technische Daten \u00fcber Ihr Surfverhalten zu erfassen. Einige Funktionen dieser Website erfordern die Zustimmung zur Nutzung von Cookies.<\/p>\n<h3>Soziale Netzwerke:<\/h3>\n<p>Unsere Website nutzt Anwendungen von Drittanbietern, um Inhalte \u00fcber soziale Netzwerke wie Facebook oder Twitter zu teilen. Wenn Sie eine Seite mit solchen Buttons aufrufen, stellt Ihr Browser eine direkte Verbindung zu den Servern des jeweiligen Netzwerks her. Falls Sie bei einem sozialen Netzwerk angemeldet sind, k\u00f6nnen Ihre Aktivit\u00e4ten auf unserer Website mit Ihrem Nutzerkonto verkn\u00fcpft werden.<\/p>\n<h3>Hyperlinks:<\/h3>\n<p>Die Website von Walor kann Links zu anderen Websites enthalten. Walor hat keinen Einfluss auf diese Websites und kann f\u00fcr deren Inhalte nicht haftbar gemacht werden.<\/p>\n<h3>Haftung:<\/h3>\n<p>Walor \u00fcbernimmt keine Garantie f\u00fcr die Richtigkeit der auf der Website bereitgestellten Informationen. Es obliegt dem Nutzer, die erhaltenen Daten zu \u00fcberpr\u00fcfen. Die Nutzung dieser Informationen erfolgt auf eigenes Risiko. Der Herausgeber haftet nicht f\u00fcr Sch\u00e4den oder Systemst\u00f6rungen, die durch das Herunterladen oder die Nutzung von Inhalten dieser Website entstehen k\u00f6nnen.<\/p>\n<h3>Schlussbestimmungen:<\/h3>\n<p>Der Herausgeber beh\u00e4lt sich das Recht vor, die Website ohne Vorank\u00fcndigung oder Entsch\u00e4digung vor\u00fcbergehend oder dauerhaft zu schlie\u00dfen.<\/p><\/div>\n","protected":false},"excerpt":{"rendered":"<p>Diese Allgemeinen Nutzungsbedingungen regeln ausschlie\u00dflich die vertraglichen Beziehungen zwischen der Website www.walor.com, die von der Walor International Gruppe betrieben und verwaltet wird, mit Sitz in: Adresse der Niederlassung und rechtliche Informationen (nachfolgend \u201eDer Herausgeber\u201c) und jedem Besucher der Website (nachfolgend \u201eSie\u201c). Der Herausgeber kann diese jederzeit ohne vorherige Ank\u00fcndigung oder Entsch\u00e4digungsanspruch \u00e4ndern. Die g\u00fcltigen Allgemeinen [&hellip;]<\/p>\n","protected":false},"author":1,"featured_media":2100,"parent":0,"menu_order":0,"comment_status":"closed","ping_status":"closed","template":"","meta":{"inline_featured_image":false,"footnotes":""},"class_list":["post-5690","page","type-page","status-publish","has-post-thumbnail","hentry"],"_links":{"self":[{"href":"https:\/\/walor.com\/de\/wp-json\/wp\/v2\/pages\/5690","targetHints":{"allow":["GET"]}}],"collection":[{"href":"https:\/\/walor.com\/de\/wp-json\/wp\/v2\/pages"}],"about":[{"href":"https:\/\/walor.com\/de\/wp-json\/wp\/v2\/types\/page"}],"author":[{"embeddable":true,"href":"https:\/\/walor.com\/de\/wp-json\/wp\/v2\/users\/1"}],"replies":[{"embeddable":true,"href":"https:\/\/walor.com\/de\/wp-json\/wp\/v2\/comments?post=5690"}],"version-history":[{"count":2,"href":"https:\/\/walor.com\/de\/wp-json\/wp\/v2\/pages\/5690\/revisions"}],"predecessor-version":[{"id":5692,"href":"https:\/\/walor.com\/de\/wp-json\/wp\/v2\/pages\/5690\/revisions\/5692"}],"wp:featuredmedia":[{"embeddable":true,"href":"https:\/\/walor.com\/de\/wp-json\/wp\/v2\/media\/2100"}],"wp:attachment":[{"href":"https:\/\/walor.com\/de\/wp-json\/wp\/v2\/media?parent=5690"}],"curies":[{"name":"wp","href":"https:\/\/api.w.org\/{rel}","templated":true}]}}